{"id":135,"date":"2022-08-25T09:18:43","date_gmt":"2022-08-25T09:18:43","guid":{"rendered":"https:\/\/shtheme.com\/demosd\/insuren\/?page_id=135"},"modified":"2023-06-30T18:47:57","modified_gmt":"2023-06-30T18:47:57","slug":"services","status":"publish","type":"page","link":"https:\/\/hjcourtierauto.com\/en\/services\/","title":{"rendered":"Services"},"content":{"rendered":"\t\t<div data-elementor-type=\"wp-page\" data-elementor-id=\"135\" class=\"elementor elementor-135\">\n\t\t\t\t\t\t\t\t\t<section class=\"elementor-section elementor-top-section elementor-element elementor-element-8e01e28 elementor-section-full_width elementor-section-height-default elementor-section-height-default\" data-id=\"8e01e28\" data-element_type=\"section\">\n\t\t\t\t\t\t<div class=\"elementor-container elementor-column-gap-no\">\n\t\t\t\t\t<div class=\"elementor-column elementor-col-100 elementor-top-column elementor-element elementor-element-abb4967\" data-id=\"abb4967\" data-element_type=\"column\">\n\t\t\t<div class=\"elementor-widget-wrap elementor-element-populated\">\n\t\t\t\t\t\t\t\t<div class=\"elementor-element elementor-element-144789e elementor-align-left elementor-widget elementor-widget-pages-header\" data-id=\"144789e\" data-element_type=\"widget\" data-widget_type=\"pages-header.default\">\n\t\t\t\t<div class=\"elementor-widget-container\">\n\t\t\t\r\n\t\t\t\t<section class=\"page-title-section\" style=\"background-image: url(https:\/\/hjcourtierauto.com\/en\/wp-content\/uploads\/2023\/06\/page-title-bg-services.jpg);\">\r\n\t\t\t\t\t<div class=\"container\">\r\n\t\t\t\t<div class=\"row\">\r\n\t\t\t\t\t<div class=\"col-xl-12\">\r\n\t\t\t\t\t\t<div class=\"breadcrumb-area\">\r\n\t\t\t\t\t\t\t\t\t\t\t\t\t\t<h2 class=\"page-title\">Services<\/h2>\r\n\t\t\t\t\t\t\t\t\t\t\t\t\t\t<ul class=\"breadcrumbs-link\">\r\n\t\t\t\t\t\t\t\t\t\t\t\t\t\t\t\t<li><a href=\"\">Home<\/a><\/li>\r\n\t\t\t\t\t\t\t\t\t\t\t\t\t\t\t\t\t\t\t\t\t\t\t\t<li class=\"active\">Services<\/li>\r\n\t\t\t\t\t\t\t\t\t\t\t\t\t\t\t<\/ul>\r\n\t\t\t\t\t\t<\/div>\r\n\t\t\t\t\t<\/div>\r\n\t\t\t\t<\/div>\r\n\t\t\t<\/div>\r\n\t\t<\/section>\r\n\r\n\t\t\t<\/div>\n\t\t\t\t<\/div>\n\t\t\t\t\t<\/div>\n\t\t<\/div>\n\t\t\t\t\t\t\t<\/div>\n\t\t<\/section>\n\t\t\t\t<section class=\"elementor-section elementor-top-section elementor-element elementor-element-07de062 elementor-section-full_width elementor-section-height-default elementor-section-height-default\" data-id=\"07de062\" data-element_type=\"section\">\n\t\t\t\t\t\t<div class=\"elementor-container elementor-column-gap-no\">\n\t\t\t\t\t<div class=\"elementor-column elementor-col-100 elementor-top-column elementor-element elementor-element-250946f\" data-id=\"250946f\" data-element_type=\"column\">\n\t\t\t<div class=\"elementor-widget-wrap elementor-element-populated\">\n\t\t\t\t\t\t\t\t<div class=\"elementor-element elementor-element-294f557 elementor-align-left elementor-widget elementor-widget-home-1-services\" data-id=\"294f557\" data-element_type=\"widget\" data-widget_type=\"home-1-services.default\">\n\t\t\t\t<div class=\"elementor-widget-container\">\n\t\t\t\r\n\t\t\t\t<section class=\"service-content-area bg-silver pdt-110 pdb-110\" data-background=\"https:\/\/shtheme.com\/demosd\/insuren\/wp-content\/uploads\/2022\/11\/abs-bg8.png\">\r\n\t\t\t\t\t\t\t\t\t<div class=\"section-title text-center wow fadeInUp\" data-wow-delay=\"0ms\" data-wow-duration=\"1500ms\">\r\n\t\t\t\t<div class=\"container\">\r\n\t\t\t\t\t<div class=\"row\">\r\n\t\t\t\t\t\t<div class=\"col\"><\/div>\r\n\t\t\t\t\t\t<div class=\"col-lg-8 col-xl-6\">\r\n\t\t\t\t\t\t\t<div class=\"title-box-center\">\r\n\t\t\t\t\t\t\t\t\t\t\t\t\t\t\t\t\t\t\t\t\t\t\t\t<h2>Driven by your satisfaction in cars<\/h2>\r\n\t\t\t\t\t\t\t\t\t\t\t\t\t\t\t<\/div>\r\n\t\t\t\t\t\t<\/div>\r\n\t\t\t\t\t\t<div class=\"col\"><\/div>\r\n\t\t\t\t\t<\/div>\r\n\t\t\t\t<\/div>\r\n\t\t\t<\/div>\r\n\t\t\t\t\t\t<div class=\"section-content\">\r\n\t\t\t\t<div class=\"container\">\r\n\t\t\t\t\t<div class=\"row\">\r\n\t\t\t\t\t\t\t\t\t\t\t\t<div class=\"col-xl-3 col-lg-4 col-md-6\">\r\n\t\t\t\t\t\t\t<div class=\"service-style4\">\r\n\t\t\t\t\t\t\t\t<div class=\"service-item-thumb\">\r\n\t\t\t\t\t\t\t\t\t<img decoding=\"async\" class=\"img-full\" src=\"https:\/\/hjcourtierauto.com\/en\/wp-content\/uploads\/2022\/08\/service08.jpg\" alt=\"\">\r\n\t\t\t\t\t\t\t\t\t<div class=\"service-item-icon\">\r\n\t\t\t\t\t\t\t\t\t\t<i class=\"webexflaticon flaticon-search\"><\/i>\r\n\t\t\t\t\t\t\t\t\t<\/div>\r\n\t\t\t\t\t\t\t\t<\/div>\r\n\t\t\t\t\t\t\t\t<div class=\"service-item-content\">\r\n\t\t\t\t\t\t\t\t\t<h4 class=\"service-item-title\"><a href=\"https:\/\/hjcourtierauto.com\/en\/service\/collecte-info\/\">Detailed information collection<\/a><\/h4>\r\n\t\t\t\t\t\t\t\t\t<p class=\"service-item-para\">Our dedicated team goes above and beyond to gather detailed information about your preferences,...<\/p>\r\n\t\t\t\t\t\t\t\t\t\t\t\t\t\t\t\t\t\t<div class=\"service-item-link\">\r\n\t\t\t\t\t\t\t\t\t\t<a href=\"https:\/\/hjcourtierauto.com\/en\/service\/collecte-info\/\" class=\"cs-btn-one btn-primary-color btn-sm btn-block mrr-30\">Read More<\/a>\r\n\t\t\t\t\t\t\t\t\t<\/div>\r\n\t\t\t\t\t\t\t\t\t\t\t\t\t\t\t\t\t<\/div>\r\n\t\t\t\t\t\t\t<\/div>\r\n\t\t\t\t\t\t<\/div>\r\n\t\t\t\t\t\t\t\t\t\t\t\t<div class=\"col-xl-3 col-lg-4 col-md-6\">\r\n\t\t\t\t\t\t\t<div class=\"service-style4\">\r\n\t\t\t\t\t\t\t\t<div class=\"service-item-thumb\">\r\n\t\t\t\t\t\t\t\t\t<img decoding=\"async\" class=\"img-full\" src=\"https:\/\/hjcourtierauto.com\/en\/wp-content\/uploads\/2022\/08\/service6.jpg\" alt=\"\">\r\n\t\t\t\t\t\t\t\t\t<div class=\"service-item-icon\">\r\n\t\t\t\t\t\t\t\t\t\t<i class=\"webexflaticon flaticon-handshake\"><\/i>\r\n\t\t\t\t\t\t\t\t\t<\/div>\r\n\t\t\t\t\t\t\t\t<\/div>\r\n\t\t\t\t\t\t\t\t<div class=\"service-item-content\">\r\n\t\t\t\t\t\t\t\t\t<h4 class=\"service-item-title\"><a href=\"https:\/\/hjcourtierauto.com\/en\/service\/magasinage-voiture\/\">Car selection<\/a><\/h4>\r\n\t\t\t\t\t\t\t\t\t<p class=\"service-item-para\">With our extensive network of dealerships and reliable sources, we conduct thorough research to...<\/p>\r\n\t\t\t\t\t\t\t\t\t\t\t\t\t\t\t\t\t\t<div class=\"service-item-link\">\r\n\t\t\t\t\t\t\t\t\t\t<a href=\"https:\/\/hjcourtierauto.com\/en\/service\/magasinage-voiture\/\" class=\"cs-btn-one btn-primary-color btn-sm btn-block mrr-30\">Read More<\/a>\r\n\t\t\t\t\t\t\t\t\t<\/div>\r\n\t\t\t\t\t\t\t\t\t\t\t\t\t\t\t\t\t<\/div>\r\n\t\t\t\t\t\t\t<\/div>\r\n\t\t\t\t\t\t<\/div>\r\n\t\t\t\t\t\t\t\t\t\t\t\t<div class=\"col-xl-3 col-lg-4 col-md-6\">\r\n\t\t\t\t\t\t\t<div class=\"service-style4\">\r\n\t\t\t\t\t\t\t\t<div class=\"service-item-thumb\">\r\n\t\t\t\t\t\t\t\t\t<img decoding=\"async\" class=\"img-full\" src=\"https:\/\/hjcourtierauto.com\/en\/wp-content\/uploads\/2022\/08\/service06.jpg\" alt=\"\">\r\n\t\t\t\t\t\t\t\t\t<div class=\"service-item-icon\">\r\n\t\t\t\t\t\t\t\t\t\t<i class=\"webexflaticon flaticon-profits\"><\/i>\r\n\t\t\t\t\t\t\t\t\t<\/div>\r\n\t\t\t\t\t\t\t\t<\/div>\r\n\t\t\t\t\t\t\t\t<div class=\"service-item-content\">\r\n\t\t\t\t\t\t\t\t\t<h4 class=\"service-item-title\"><a href=\"https:\/\/hjcourtierauto.com\/en\/service\/validation-du-choix\/\">Validation of the car choice with the client<\/a><\/h4>\r\n\t\t\t\t\t\t\t\t\t<p class=\"service-item-para\">We understand the importance of making an informed decision when purchasing a car. That&#8217;s...<\/p>\r\n\t\t\t\t\t\t\t\t\t\t\t\t\t\t\t\t\t\t<div class=\"service-item-link\">\r\n\t\t\t\t\t\t\t\t\t\t<a href=\"https:\/\/hjcourtierauto.com\/en\/service\/validation-du-choix\/\" class=\"cs-btn-one btn-primary-color btn-sm btn-block mrr-30\">Read More<\/a>\r\n\t\t\t\t\t\t\t\t\t<\/div>\r\n\t\t\t\t\t\t\t\t\t\t\t\t\t\t\t\t\t<\/div>\r\n\t\t\t\t\t\t\t<\/div>\r\n\t\t\t\t\t\t<\/div>\r\n\t\t\t\t\t\t\t\t\t\t\t\t<div class=\"col-xl-3 col-lg-4 col-md-6\">\r\n\t\t\t\t\t\t\t<div class=\"service-style4\">\r\n\t\t\t\t\t\t\t\t<div class=\"service-item-thumb\">\r\n\t\t\t\t\t\t\t\t\t<img decoding=\"async\" class=\"img-full\" src=\"https:\/\/hjcourtierauto.com\/en\/wp-content\/uploads\/2022\/08\/service05.jpg\" alt=\"\">\r\n\t\t\t\t\t\t\t\t\t<div class=\"service-item-icon\">\r\n\t\t\t\t\t\t\t\t\t\t<i class=\"webexflaticon flaticon-rocket\"><\/i>\r\n\t\t\t\t\t\t\t\t\t<\/div>\r\n\t\t\t\t\t\t\t\t<\/div>\r\n\t\t\t\t\t\t\t\t<div class=\"service-item-content\">\r\n\t\t\t\t\t\t\t\t\t<h4 class=\"service-item-title\"><a href=\"https:\/\/hjcourtierauto.com\/en\/service\/achat-livraison\/\">Purchase and delivery<\/a><\/h4>\r\n\t\t\t\t\t\t\t\t\t<p class=\"service-item-para\">Once you have made your choice, we take care of all the purchasing process...<\/p>\r\n\t\t\t\t\t\t\t\t\t\t\t\t\t\t\t\t\t\t<div class=\"service-item-link\">\r\n\t\t\t\t\t\t\t\t\t\t<a href=\"https:\/\/hjcourtierauto.com\/en\/service\/achat-livraison\/\" class=\"cs-btn-one btn-primary-color btn-sm btn-block mrr-30\">Read More<\/a>\r\n\t\t\t\t\t\t\t\t\t<\/div>\r\n\t\t\t\t\t\t\t\t\t\t\t\t\t\t\t\t\t<\/div>\r\n\t\t\t\t\t\t\t<\/div>\r\n\t\t\t\t\t\t<\/div>\r\n\t\t\t\t\t\t\t\t\t\t\t<\/div>\r\n\t\t\t\t\t\t\t\t\t<\/div>\r\n\t\t\t<\/div>\r\n\t\t<\/section>\r\n\r\n\t\t\t<\/div>\n\t\t\t\t<\/div>\n\t\t\t\t\t<\/div>\n\t\t<\/div>\n\t\t\t\t\t\t\t<\/div>\n\t\t<\/section>\n\t\t\t\t<section class=\"elementor-section elementor-top-section elementor-element elementor-element-dc2b5aa elementor-section-full_width elementor-section-height-default elementor-section-height-default\" data-id=\"dc2b5aa\" data-element_type=\"section\">\n\t\t\t\t\t\t<div class=\"elementor-container elementor-column-gap-no\">\n\t\t\t\t\t<div class=\"elementor-column elementor-col-100 elementor-top-column elementor-element elementor-element-ce07dc2\" data-id=\"ce07dc2\" data-element_type=\"column\">\n\t\t\t<div class=\"elementor-widget-wrap elementor-element-populated\">\n\t\t\t\t\t\t\t\t<div class=\"elementor-element elementor-element-2f728a9 elementor-align-left elementor-widget elementor-widget-home-1-offer\" data-id=\"2f728a9\" data-element_type=\"widget\" data-widget_type=\"home-1-offer.default\">\n\t\t\t\t<div class=\"elementor-widget-container\">\n\t\t\t\r\n\t\t\t\t<section class=\"pdt-110 pdb-90 pdb-md-110\" data-background=\"https:\/\/hjcourtierauto.com\/en\/en\/en\/en\/en\/wp-content\/uploads\/2022\/11\/abs-bg1.png\" data-overlay-primary-color=\"94\">\r\n\t\t\t\t\t<div class=\"section-content\">\r\n\t\t\t\t<div class=\"container\">\r\n\t\t\t\t\t<div class=\"row\">\r\n\t\t\t\t\t\t<div class=\"col-md-12 col-lg-6 col-xl-7 wow fadeInUp\" data-wow-delay=\"0ms\" data-wow-duration=\"800ms\">\r\n\t\t\t\t\t\t\t\t\t\t\t\t\t\t<h5 class=\"side-line-left white text-white mrb-10\">Trust in HJ Courtier Auto<\/h5>\r\n\t\t\t\t\t\t\t\t\t\t\t\t\t\t\t\t\t\t\t\t\t<h2 class=\"text-white mrb-25\">The advantages of choosing HJ Courtier Auto <\/h2>\r\n\t\t\t\t\t\t\t\t\t\t\t\t\t\t<div class=\"row\">\r\n\t\t\t\t\t\t\t\t<div class=\"col-xl-6\">\r\n\t\t\t\t\t\t\t\t\t\t\t\t\t\t\t\t\t\t<p class=\"text-white mrb-35\">By choosing our service, you also benefit from significant time savings as we reduce your travel and shopping time. Our impartiality in selecting the model ensures that we advise you objectively, taking into account your preferences and real needs. Finally, for those who wish to personalize their vehicle, we offer additional accessories such as audio systems, wheels, spoilers, and much more to enhance your driving experience.<\/p>\r\n\t\t\t\t\t\t\t\t\t\t\t\t\t\t\t\t\t<\/div>\r\n\t\t\t\t\t\t\t\t<div class=\"col-xl-6\">\r\n\t\t\t\t\t\t\t\t\t\t\t\t\t\t\t\t\t\t<ul class=\"order-list text-white mrb-lg-40\">\n  <li>New or used vehicles according to your criteria<\/li>\n  <li>High value placed on aesthetic condition for used cars<\/li>\n  <li>Car negotiated at the best price (cash, purchase financing, or leasing)<\/li>\n  <li>Reduced shopping time and travel<\/li>\n  <li>Impartiality in the selection of the model<\/li>\n  <li>Optional additional accessories to enhance your vehicle (Sound system, Alloy wheels, Spoilers, etc.)<\/li>\n<\/ul>\t\t\t\t\t\t\t\t\t\t\t\t\t\t\t\t\t<\/div>\r\n\t\t\t\t\t\t\t<\/div>\r\n\t\t\t\t\t\t<\/div>\r\n\t\t\t\t\t\t<div class=\"col-md-8 col-lg-6 col-xl-5 wow fadeInUp\" data-wow-delay=\"200ms\" data-wow-duration=\"800ms\">\r\n\t\t\t\t\t\t\t\t\t\t\t\t\t\t<div class=\"company-img\">\r\n\t\t\t\t\t\t\t\t<img decoding=\"async\" src=\"https:\/\/hjcourtierauto.com\/en\/wp-content\/uploads\/2023\/06\/young-businesswoman-and-car.jpg\" alt=\"\">\r\n\t\t\t\t\t\t\t<\/div>\r\n\t\t\t\t\t\t\t\t\t\t\t\t\t<\/div>\r\n\t\t\t\t\t<\/div>\r\n\t\t\t\t<\/div>\r\n\t\t\t<\/div>\r\n\t\t<\/section>\r\n\r\n\t\t\t<\/div>\n\t\t\t\t<\/div>\n\t\t\t\t\t<\/div>\n\t\t<\/div>\n\t\t\t\t\t\t\t<\/div>\n\t\t<\/section>\n\t\t\t\t\t\t\t<\/div>\n\t\t","protected":false},"excerpt":{"rendered":"<p>Services Home Services Driven by your satisfaction in cars Collecte d&#8217;information d\u00e9taill\u00e9e Notre \u00e9quipe d\u00e9di\u00e9e met tout en \u0153uvre pour recueillir des informations d\u00e9taill\u00e9es sur vos&#8230; Read More Magasinage du choix de v\u00e9hicule Gr\u00e2ce \u00e0 notre vaste r\u00e9seau de concessionnaires et de sources fiables, nous effectuons une&#8230; Read More Validation du choix de l&#8217;auto avec [&hellip;]<\/p>\n","protected":false},"author":1,"featured_media":0,"parent":0,"menu_order":0,"comment_status":"closed","ping_status":"closed","template":"page-templates\/home.php","meta":[],"_links":{"self":[{"href":"https:\/\/hjcourtierauto.com\/en\/wp-json\/wp\/v2\/pages\/135"}],"collection":[{"href":"https:\/\/hjcourtierauto.com\/en\/wp-json\/wp\/v2\/pages"}],"about":[{"href":"https:\/\/hjcourtierauto.com\/en\/wp-json\/wp\/v2\/types\/page"}],"author":[{"embeddable":true,"href":"https:\/\/hjcourtierauto.com\/en\/wp-json\/wp\/v2\/users\/1"}],"replies":[{"embeddable":true,"href":"https:\/\/hjcourtierauto.com\/en\/wp-json\/wp\/v2\/comments?post=135"}],"version-history":[{"count":14,"href":"https:\/\/hjcourtierauto.com\/en\/wp-json\/wp\/v2\/pages\/135\/revisions"}],"predecessor-version":[{"id":742,"href":"https:\/\/hjcourtierauto.com\/en\/wp-json\/wp\/v2\/pages\/135\/revisions\/742"}],"wp:attachment":[{"href":"https:\/\/hjcourtierauto.com\/en\/wp-json\/wp\/v2\/media?parent=135"}],"curies":[{"name":"wp","href":"https:\/\/api.w.org\/{rel}","templated":true}]}}